{"id":143,"date":"2018-05-02T11:00:01","date_gmt":"2018-05-02T09:00:01","guid":{"rendered":"https:\/\/grossarth.de\/catalog\/?page_id=143"},"modified":"2018-05-02T11:01:46","modified_gmt":"2018-05-02T09:01:46","slug":"os-plattform","status":"publish","type":"page","link":"https:\/\/grossarth.de\/catalog\/os-plattform\/","title":{"rendered":"OS-Plattform"},"content":{"rendered":"<p>Die Europ\u00e4ische Kommission stellt eine Plattform f\u00fcr die au\u00dfergerichtliche Online-Streitbeilegung (OS-Plattform) bereit, die unter\u00a0<a href=\"http:\/\/www.ec.europa.eu\/consumers\/odr\">www.ec.europa.eu\/consumers\/odr<\/a>\u00a0aufrufbar ist.<\/p>\n<p>Wir sind weder verpflichtet noch bereit, an dem Streitschlichtungsverfahren teilzunehmen.<\/p>\n<p>&nbsp;<\/p>\n<p>Herbert Grossarth<br \/>\nStaudernheimer Str. 8<br \/>\n55571 Odernheim am Glan<\/p>\n<p><strong>Vertreten durch:\u00a0<\/strong><br \/>\nHerbert Grossarth<\/p>\n<p><strong>Kontakt:<\/strong><br \/>\nTelefon: 06755-223<br \/>\nE-Mail:\u00a0<a href=\"mailto:weingut@grossarth.de\">weingut@grossarth.de<\/a><\/p>\n","protected":false},"excerpt":{"rendered":"<p>Die Europ\u00e4ische Kommission stellt eine Plattform f\u00fcr die au\u00dfergerichtliche Online-Streitbeilegung (OS-Plattform) bereit, die unter\u00a0www.ec.europa.eu\/consumers\/odr\u00a0aufrufbar ist. Wir sind weder verpflichtet noch bereit, an dem Streitschlichtungsverfahren teilzunehmen. &nbsp; Herbert Grossarth Staudernheimer Str. 8 55571 Odernheim am Glan Vertreten durch:\u00a0 Herbert Grossarth Kontakt: Telefon: 06755-223 E-Mail:\u00a0weingut@grossarth.de<\/p>\n","protected":false},"author":1,"featured_media":0,"parent":0,"menu_order":0,"comment_status":"closed","ping_status":"closed","template":"","meta":{"footnotes":""},"class_list":["post-143","page","type-page","status-publish","hentry"],"_links":{"self":[{"href":"https:\/\/grossarth.de\/catalog\/wp-json\/wp\/v2\/pages\/143"}],"collection":[{"href":"https:\/\/grossarth.de\/catalog\/wp-json\/wp\/v2\/pages"}],"about":[{"href":"https:\/\/grossarth.de\/catalog\/wp-json\/wp\/v2\/types\/page"}],"author":[{"embeddable":true,"href":"https:\/\/grossarth.de\/catalog\/wp-json\/wp\/v2\/users\/1"}],"replies":[{"embeddable":true,"href":"https:\/\/grossarth.de\/catalog\/wp-json\/wp\/v2\/comments?post=143"}],"version-history":[{"count":3,"href":"https:\/\/grossarth.de\/catalog\/wp-json\/wp\/v2\/pages\/143\/revisions"}],"predecessor-version":[{"id":146,"href":"https:\/\/grossarth.de\/catalog\/wp-json\/wp\/v2\/pages\/143\/revisions\/146"}],"wp:attachment":[{"href":"https:\/\/grossarth.de\/catalog\/wp-json\/wp\/v2\/media?parent=143"}],"curies":[{"name":"wp","href":"https:\/\/api.w.org\/{rel}","templated":true}]}}