{"id":181,"date":"2018-06-28T13:34:44","date_gmt":"2018-06-28T11:34:44","guid":{"rendered":"https:\/\/grossarth.de\/catalog\/?page_id=181"},"modified":"2019-03-27T09:14:27","modified_gmt":"2019-03-27T08:14:27","slug":"agb","status":"publish","type":"page","link":"https:\/\/grossarth.de\/catalog\/agb\/","title":{"rendered":"AGB"},"content":{"rendered":"<p><!-- IBGHTML --><\/p>\n<p>Impressum <\/p>\n<p>Angaben gem\u00e4\u00df \u00a7 5 TMG<\/p>\n<p>Daniel Grossarth<br \/>Staudernheimer Str. 8<br \/>55571 Odernheim am Glan<\/p>\n<p>Vertreten durch: <br \/>Daniel Grossarth<\/p>\n<p>Kontakt:<br \/>Telefon: 06755-223<br \/>E-Mail: <a href=\"mailto:weingut@grossarth.de\">weingut@grossarth.de<\/a><\/p>\n<p>Umsatzsteuer-ID: <br \/>Umsatzsteuer-Identifikationsnummer gem\u00e4\u00df \u00a727a Umsatzsteuergesetz: DE148150894<\/p>\n<p><span 255);=\"\" rgb(255,=\"255,=\">Unsere Aufsichtsbeh\u00f6rde ist:<br \/>Ministerium f\u00fcr Umwelt, Landwirtschaft, Ern\u00e4hrung, Weinbau und Forsten,<br \/>Kaiser-Friedrich-Str. 1, 55116 Mainz<\/p>\n<p 0px;=\"\">\n<\/p>\n<p>Wir geh\u00f6ren der Landwirtschaftskammer Rheinland-Pfalz,&nbsp; Dienststelle Bad Kreuznach<br \/>Hausanschrift: Haus der Landwirtschaft Burgenlandstra\u00dfe 7, 55543 Bad Kreuznach<\/p>\n<\/p>\n<p 0px;=\"\">\n<\/p>\n<p>Tel.: 0671\/793-0 an.<\/p>\n<\/p>\n<p 0px;=\"\">\n<\/p>\n<p>Gesetzliche Grundlage unserer T\u00e4tigkeit: Weingesetz (WeinG) Inhaltlich verantwortlich gem\u00e4ss \u00a76 MDStV: Weingut Grossarth<\/p>\n<p><\/span><\/p>\n<\/p>\n<p><\/p>\n<p><strong>Allgemeine Gesch&auml;ftsbedingungen<\/strong><\/p>\n<p><\/p>\n<p><\/p>\n<p><strong>1.&nbsp;Geltungsbereich<\/strong><\/p>\n<p><\/p>\n<p><\/p>\n<p>F&uuml;r alle Bestellungen &uuml;ber unseren Online-Shop gelten die nachfolgenden AGB. Unser Online-Shop richtet sich ausschlie&szlig;lich an Verbraucher.<\/p>\n<p><\/p>\n<p>Verbraucher ist jede nat&uuml;rliche Person, die ein Rechtsgesch&auml;ft zu Zwecken abschlie&szlig;t, die &uuml;berwiegend weder ihrer gewerblichen noch ihrer selbst&auml;ndigen beruflichen T&auml;tigkeit zugerechnet werden k&ouml;nnen. Unternehmer ist eine nat&uuml;rliche oder juristische Person oder eine rechtsf&auml;hige Personengesellschaft, die bei Abschluss eines Rechtsgesch&auml;fts in Aus&uuml;bung ihrer gewerblichen oder selbst&auml;ndigen beruflichen T&auml;tigkeit handelt.<\/p>\n<p><\/p>\n<p><\/p>\n<p><\/p>\n<p><strong>2.&nbsp;Vertragspartner, Vertragsschluss, Korrekturm&ouml;glichkeiten<\/strong><\/p>\n<p><\/p>\n<p><\/p>\n<p>Der Kaufvertrag kommt zustande mit <\/p>\n<p>Daniel Grossarth<br \/>Staudernheimer Str. 8<br \/>55571 Odernheim am Glan<\/p>\n<p>Telefon: 06755-223<br \/>E-Mail: weingut@grossarth.de<br \/>rg@weinhelp.de<\/p>\n<p><\/p>\n<p>Mit Einstellung der Produkte in den Online-Shop geben wir ein verbindliches Angebot zum Vertragsschluss &uuml;ber diese Artikel ab. Sie k&ouml;nnen unsere Produkte zun&auml;chst unverbindlich in den Warenkorb legen und Ihre Eingaben vor Absenden Ihrer verbindlichen Bestellung jederzeit korrigieren, indem Sie die hierf&uuml;r im Bestellablauf vorgesehenen und erl&auml;uterten Korrekturhilfen nutzen. Der Vertrag kommt zustande, indem Sie durch Anklicken des Bestellbuttons das Angebot &uuml;ber die im Warenkorb enthaltenen Waren annehmen. Unmittelbar nach dem Absenden der Bestellung erhalten Sie noch einmal eine Best&auml;tigung per E-Mail.<\/p>\n<p><\/p>\n<p><\/p>\n<p><\/p>\n<p><strong>3.&nbsp;Vertragssprache, Vertragstextspeicherung<\/strong><\/p>\n<p><\/p>\n<p><\/p>\n<p>Die f&uuml;r den Vertragsschluss zur Verf&uuml;gung stehende Sprache ist Deutsch.<\/p>\n<p><\/p>\n<p><\/p>\n<p><\/p>\n<p>Wir speichern den Vertragstext und senden Ihnen die Bestelldaten und unsere AGB in Textform zu. Der Vertragstext ist aus Sicherheitsgr&uuml;nden nicht mehr &uuml;ber das Internet zug&auml;nglich.<\/p>\n<p><\/p>\n<p><\/p>\n<p><strong>4.&nbsp;Eigentumsvorbehalt<\/strong><\/p>\n<p><\/p>\n<p><\/p>\n<p><\/p>\n<p>Die Ware bleibt bis zur vollst&auml;ndigen Bezahlung unser Eigentum.<\/p>\n<p><\/p>\n<p><\/p>\n<p><\/p>\n<p><strong>5.&nbsp;Gew&auml;hrleistung und Garantien<\/strong><\/p>\n<p><\/p>\n<p><\/p>\n<p><\/p>\n<p>Es gilt das gesetzliche M&auml;ngelhaftungsrecht. Informationen zu gegebenenfalls geltenden zus&auml;tzlichen Garantien und deren genaue Bedingungen finden Sie jeweils beim Produkt und auf besonderen Informationsseiten im Online-Shop.<\/p>\n<p><\/p>\n<p><\/p>\n<p><\/p>\n<p><strong>6.&nbsp;Streitbeilegung<\/strong><\/p>\n<p><\/p>\n<p><\/p>\n<p><\/p>\n<p>Die Europ&auml;ische Kommission stellt eine Plattform zur Online-Streitbeilegung (OS) bereit, die Sie <a href=\"https:\/\/ec.europa.eu\/consumers\/odr\/\" target=\"_blank\">hier<\/a> finden.<br \/>    Zur Teilnahme an einem Streitbeilegungsverfahren vor einer Verbraucherschlichtungsstelle sind wir nicht verpflichtet und nicht bereit.        <\/p>\n<p><\/p>\n<p><strong>7.&nbsp;Jugendschutz<\/strong><\/p>\n<p><\/p>\n<p><\/p>\n<p><\/p>\n<p>Sofern Ihre Bestellung Waren umfasst, deren Verkauf Altersbeschr&auml;nkungen unterliegt, stellen wir durch den Einsatz eines zuverl&auml;ssigen Verfahrens unter Einbeziehung einer pers&ouml;nlichen Identit&auml;ts- und<br \/> Alterspr&uuml;fung sicher, dass der Besteller das erforderliche Mindestalter erreicht hat. Der Zusteller &uuml;bergibt die Ware erst nach erfolgter Alterspr&uuml;fung und nur an den Besteller pers&ouml;nlich.<\/p>\n<p><\/p>\n<p><i><a target=\"_blank\" title=\"AGB\" href=\"https:\/\/shop.trustedshops.com\/de\/rechtstexte\/\">AGB<\/a> erstellt mit dem <a target=\"_blank\" title=\"Trusted Shops\" href=\"https:\/\/shop.trustedshops.com\/de\/\">Trusted Shops<\/a> Rechtstexter in Kooperation mit <a target=\"_blank\" title=\"Wilde Beuger Solmecke Rechtsanw\u00e4lte\" href=\"https:\/\/www.wbs-law.de\/\" rel=\"nofollow\">Wilde Beuger Solmecke Rechtsanw\u00e4lte<\/a>.<\/i><\/p>\n<p>unsere Anschrift und Emailadresse:<\/p>\n<p>Daniel Grossarth<br \/>Staudernheimer Str. 8<br \/>55571 Odernheim am Glan<\/p>\n<p>Telefon: 06755-223<br \/>E-Mail: weingut@grossarth.de<br \/>rg@weinhelp.de<\/p>\n<p>_<br \/><a name=\"Widerrufsrecht\"><\/a><\/p>\n<p><\/p>\n<hr>\n<p><\/p>\n<p><strong>Widerrufsbelehrung<\/strong><\/p>\n<p>    <\/p>\n<p><strong>Widerrufsrecht<\/strong><br \/> Sie haben das Recht, binnen vierzehn Tagen ohne Angabe von Gr&uuml;nden diesen Vertrag zu widerrufen. Die Widerrufsfrist betr&auml;gt vierzehn Tage ab dem Tag an dem Sie oder ein von Ihnen benannter Dritter, der nicht der Bef&ouml;rderer ist, die Waren in Besitz genommen haben bzw. hat.      <\/p>\n<p>Um Ihr Widerrufsrecht auszu&uuml;ben, m&uuml;ssen Sie uns <br \/>Daniel Grossarth<br \/>Staudernheimer Str. 8<br \/>55571 Odernheim am Glan<\/p>\n<p>Telefon: 06755-223<br \/>E-Mail: weingut@grossarth.de<br \/>rg@weinhelp.de<\/p>\n<p>mittels einer eindeutigen Erkl&auml;rung (z. B. ein mit der Post versandter Brief oder eine E-Mail) &uuml;ber Ihren Entschluss, diesen Vertrag zu widerrufen, informieren. Sie k&ouml;nnen daf&uuml;r das beigef&uuml;gte Muster-Widerrufsformular verwenden, das jedoch nicht vorgeschrieben ist.<\/p>\n<p>Zur Wahrung der Widerrufsfrist reicht es aus, dass Sie die Mitteilung &uuml;ber die Aus&uuml;bung des Widerrufsrechts vor Ablauf der Widerrufsfrist absenden.  <\/p>\n<p><strong>Folgen des Widerrufs <\/strong> <\/p>\n<p>Wenn Sie diesen Vertrag widerrufen, haben wir Ihnen alle Zahlungen, die wir von Ihnen erhalten haben, einschlie&szlig;lich der Lieferkosten (mit Ausnahme der zus&auml;tzlichen Kosten, die sich daraus ergeben, dass Sie eine andere Art der Lieferung als die von uns angebotene, g&uuml;nstigste Standardlieferung gew&auml;hlt haben), unverz&uuml;glich und sp&auml;testens binnen vierzehn Tagen ab dem Tag zur&uuml;ckzuzahlen, an dem die Mitteilung &uuml;ber Ihren Widerruf dieses Vertrags bei uns eingegangen ist. F&uuml;r diese R&uuml;ckzahlung verwenden wir dasselbe Zahlungsmittel, das Sie bei der urspr&uuml;nglichen Transaktion eingesetzt haben, es sei denn, mit Ihnen wurde ausdr&uuml;cklich etwas anderes vereinbart; in keinem Fall werden Ihnen wegen dieser R&uuml;ckzahlung Entgelte berechnet.<br \/>Wir k&ouml;nnen die R&uuml;ckzahlung verweigern, bis wir die Waren wieder zur&uuml;ckerhalten haben oder bis Sie den Nachweis erbracht haben, dass Sie die Waren zur&uuml;ckgesandt haben, je nachdem, welches der fr&uuml;here Zeitpunkt ist.  <\/p>\n<p>Sie haben die Waren unverz&uuml;glich und in jedem Fall sp&auml;testens binnen vierzehn Tagen ab dem Tag, an dem Sie uns &uuml;ber den Widerruf dieses Vertrags unterrichten, an uns zur&uuml;ckzusenden oder zu &uuml;bergeben. Die Frist ist gewahrt, wenn Sie die Waren vor Ablauf der Frist von vierzehn Tagen absenden.<br \/>Sie tragen die unmittelbaren Kosten der R&uuml;cksendung der Waren.<br \/>Sie m&uuml;ssen f&uuml;r einen etwaigen Wertverlust der Waren nur aufkommen, wenn dieser Wertverlust auf einen zur Pr&uuml;fung der Beschaffenheit, Eigenschaften und Funktionsweise der Waren nicht notwendigen Umgang mit ihnen zur&uuml;ckzuf&uuml;hren ist.<\/p>\n<table border=\"1\" cellpadding=\"1\" cellspacing=\"1\" style=\"width:100%\">\n<tbody>\n<tr>\n<td>\n<p><strong>Muster-Widerrufsformular<\/strong><\/p>\n<p><em>(Wenn Sie den Vertrag widerrufen wollen, dann f&uuml;llen Sie bitte dieses Formular aus und senden Sie es zur&uuml;ck.)<\/em><\/p>\n<p>&ndash; An Daniel Grossarth<br \/>Staudernheimer Str. 8<br \/>55571 Odernheim am Glan<\/p>\n<p>Telefon: 06755-223<br \/>E-Mail: weingut@grossarth.de<br \/>rg@weinhelp.de <\/p>\n<p>&ndash; Hiermit widerrufe(n) ich\/wir (*) den von mir\/uns (*) abgeschlossenen Vertrag &uuml;ber den Kauf der folgenden<br \/> Waren (*)\/die Erbringung der folgenden Dienstleistung (*)<\/p>\n<p>&ndash; Bestellt am (*)\/erhalten am (*)<\/p>\n<p>&ndash; Name des\/der Verbraucher(s)<\/p>\n<p>&ndash; Anschrift des\/der Verbraucher(s)<\/p>\n<p>&ndash; Unterschrift des\/der Verbraucher(s) (nur bei Mitteilung auf Papier)<\/p>\n<p>&ndash; Datum<\/p>\n<p> <em>(*) Unzutreffendes streichen.<\/em><\/p>\n<\/td>\n<\/tr>\n<\/tbody>\n<\/table>\n<p><i><a target=\"_blank\" title=\"Widerrufsbelehrung\" href=\"https:\/\/shop.trustedshops.com\/de\/rechtstexte\/\">Widerrufsbelehrung<\/a> erstellt mit dem <a target=\"_blank\" title=\"Trusted Shops\" href=\"https:\/\/shop.trustedshops.com\/de\/\">Trusted Shops<\/a> Rechtstexter in Kooperation mit <a target=\"_blank\" title=\"Wilde Beuger Solmecke Rechtsanw\u00e4lte\" href=\"https:\/\/www.wbs-law.de\/\" rel=\"nofollow\">Wilde Beuger Solmecke Rechtsanw\u00e4lte<\/a>.<\/i><\/p>\n<p><\/p>\n","protected":false},"excerpt":{"rendered":"<p>Impressum Angaben gem\u00e4\u00df \u00a7 5 TMG Daniel GrossarthStaudernheimer Str. 855571 Odernheim am Glan Vertreten durch: Daniel Grossarth Kontakt:Telefon: 06755-223E-Mail: weingut@grossarth.de Umsatzsteuer-ID: Umsatzsteuer-Identifikationsnummer gem\u00e4\u00df \u00a727a Umsatzsteuergesetz: DE148150894 Unsere Aufsichtsbeh\u00f6rde ist:Ministerium f\u00fcr Umwelt, Landwirtschaft, Ern\u00e4hrung, Weinbau und Forsten,Kaiser-Friedrich-Str. 1, 55116 Mainz Wir geh\u00f6ren der Landwirtschaftskammer Rheinland-Pfalz,&nbsp; Dienststelle Bad KreuznachHausanschrift: Haus der Landwirtschaft Burgenlandstra\u00dfe 7, 55543 Bad Kreuznach [&hellip;]<\/p>\n","protected":false},"author":1,"featured_media":0,"parent":0,"menu_order":0,"comment_status":"closed","ping_status":"closed","template":"","meta":{"footnotes":""},"class_list":["post-181","page","type-page","status-publish","hentry"],"_links":{"self":[{"href":"https:\/\/grossarth.de\/catalog\/wp-json\/wp\/v2\/pages\/181"}],"collection":[{"href":"https:\/\/grossarth.de\/catalog\/wp-json\/wp\/v2\/pages"}],"about":[{"href":"https:\/\/grossarth.de\/catalog\/wp-json\/wp\/v2\/types\/page"}],"author":[{"embeddable":true,"href":"https:\/\/grossarth.de\/catalog\/wp-json\/wp\/v2\/users\/1"}],"replies":[{"embeddable":true,"href":"https:\/\/grossarth.de\/catalog\/wp-json\/wp\/v2\/comments?post=181"}],"version-history":[{"count":2,"href":"https:\/\/grossarth.de\/catalog\/wp-json\/wp\/v2\/pages\/181\/revisions"}],"predecessor-version":[{"id":1651,"href":"https:\/\/grossarth.de\/catalog\/wp-json\/wp\/v2\/pages\/181\/revisions\/1651"}],"wp:attachment":[{"href":"https:\/\/grossarth.de\/catalog\/wp-json\/wp\/v2\/media?parent=181"}],"curies":[{"name":"wp","href":"https:\/\/api.w.org\/{rel}","templated":true}]}}