{"id":14562,"date":"2024-10-30T16:04:31","date_gmt":"2024-10-30T15:04:31","guid":{"rendered":"https:\/\/grossarth.de\/catalog\/produkt\/artikel-nr-22320-075l2023er-spaetburgunder-rosee-qualitaetswein-feinherb-075l\/"},"modified":"2026-01-26T11:22:18","modified_gmt":"2026-01-26T10:22:18","slug":"artikel-nr-22320-075l2023er-spaetburgunder-rosee-qualitaetswein-feinherb-075l","status":"publish","type":"product","link":"https:\/\/grossarth.de\/catalog\/produkt\/artikel-nr-22320-075l2023er-spaetburgunder-rosee-qualitaetswein-feinherb-075l\/","title":{"rendered":"<br>Artikel-Nr.: 22320\/0,75l<br><br>2023er  Sp\u00e4tburgunder Rosee Qualit\u00e4tswein  feinherb 0,75l<br>"},"content":{"rendered":"<div align=\"left\"><font size=\"1\">2023er  Sp\u00e4tburgunder Rosee Qualit\u00e4tswein  feinherb 0,75l<\/p>\n<p>        <font color=\"#666666\"><\/font><\/p>\n<p><\/font><\/div>\n<table WIDTH=\"60%\" BORDER=\"0\" align=\"left\" CELLPADDING=\"0\" CELLSPACING=\"0\"><\/p>\n<tr><\/p>\n<td width=\"53%\"><font size=\"-1\">Artikelnummer:<\/font><\/td>\n<td width=\"47%\"><font size=\"-1\"><strong>22320\/0,75l<\/strong><\/font><\/td>\n<p><\/tr>\n<tr><\/p>\n<td><font size=\"-1\">Inhalt<\/font><\/td>\n<td><font size=\"-1\"><strong>0,75 Ltr.<\/strong><\/font><\/td>\n<p><\/tr>\n<tr ALIGN=\"LEFT\"><\/p>\n<td><font size=\"-1\">Preis\/Ltr.<\/font><\/td>\n<td><font size=\"-1\"><strong>9,20 EUR pro Ltr.<\/strong><\/font><\/td>\n<p><\/tr>\n<tr><\/p>\n<td><font size=\"-1\">Weinart:<\/font><\/td>\n<td><font size=\"-1\"><strong>Roseewein<\/strong><\/font><\/td>\n<p><\/tr>\n<tr><\/p>\n<td><font size=\"-1\">Qualit&auml;tsstufe<\/font><\/td>\n<td><font size=\"-1\"><strong>Qualit\u00e4tswein<\/strong><\/font><\/td>\n<p><\/tr>\n<tr><\/p>\n<td><font size=\"-1\">Rebsorte<\/font><\/td>\n<td><font size=\"-1\"><strong>Sp\u00e4tburgunder Rosee<\/strong><\/font><\/td>\n<p><\/tr>\n<tr>  <\/p>\n<td><font size=\"-1\">Restzuckergehalt<\/font><\/td>\n<p>  <\/p>\n<td><font size=\"-1\"><strong><\/strong><\/font><\/td>\n<p><\/tr>\n<p><\/p>\n<tr><\/p>\n<td><font size=\"-1\">Alkoholgehalt<\/font><\/td>\n<td><font size=\"-1\"><strong><\/strong><\/font><\/td>\n<p><\/tr>\n<p><\/p>\n<tr>\n<td><font size=\"-1\">Bio:<\/font><\/td>\n<td><font size=\"-1\"><strong>NEIN<\/strong><\/font><\/td>\n<\/tr>\n<p><\/p>\n<tr>\n<td><font size=\"-1\">vegan:<\/font><\/td>\n<td><font size=\"-1\"><strong>JA<\/strong><\/font><\/td>\n<\/tr>\n<p><\/p>\n<tr>\n<td><font size=\"-1\">Ursprungsland:<\/font><\/td>\n<td><font size=\"-1\"><strong><\/strong><\/font><\/td>\n<\/tr>\n<p><\/p>\n<tr>\n<td><font size=\"-1\">enth\u00e4lt Allergene:<\/font><\/td>\n<td><font size=\"-1\"><strong>Sulfite<\/strong><\/font><\/td>\n<\/tr>\n<p><\/table>\n","protected":false},"excerpt":{"rendered":"<p>2023er Sp\u00e4tburgunder Rosee Qualit\u00e4tswein feinherb 0,75l Artikelnummer: 22320\/0,75l Inhalt 0,75 Ltr. Preis\/Ltr. 9,20 EUR pro Ltr. Weinart: Roseewein Qualit&auml;tsstufe Qualit\u00e4tswein Rebsorte Sp\u00e4tburgunder Rosee Restzuckergehalt Alkoholgehalt Bio: NEIN vegan: JA Ursprungsland: enth\u00e4lt Allergene: Sulfite<\/p>\n","protected":false},"featured_media":14442,"template":"","meta":[],"product_brand":[],"product_cat":[2593],"product_tag":[],"class_list":{"0":"post-14562","1":"product","2":"type-product","3":"status-publish","4":"has-post-thumbnail","6":"product_cat-rosee-075-l","8":"first","9":"instock","10":"taxable","11":"shipping-taxable","12":"purchasable","13":"product-type-simple"},"_links":{"self":[{"href":"https:\/\/grossarth.de\/catalog\/wp-json\/wp\/v2\/product\/14562"}],"collection":[{"href":"https:\/\/grossarth.de\/catalog\/wp-json\/wp\/v2\/product"}],"about":[{"href":"https:\/\/grossarth.de\/catalog\/wp-json\/wp\/v2\/types\/product"}],"wp:featuredmedia":[{"embeddable":true,"href":"https:\/\/grossarth.de\/catalog\/wp-json\/wp\/v2\/media\/14442"}],"wp:attachment":[{"href":"https:\/\/grossarth.de\/catalog\/wp-json\/wp\/v2\/media?parent=14562"}],"wp:term":[{"taxonomy":"product_brand","embeddable":true,"href":"https:\/\/grossarth.de\/catalog\/wp-json\/wp\/v2\/product_brand?post=14562"},{"taxonomy":"product_cat","embeddable":true,"href":"https:\/\/grossarth.de\/catalog\/wp-json\/wp\/v2\/product_cat?post=14562"},{"taxonomy":"product_tag","embeddable":true,"href":"https:\/\/grossarth.de\/catalog\/wp-json\/wp\/v2\/product_tag?post=14562"}],"curies":[{"name":"wp","href":"https:\/\/api.w.org\/{rel}","templated":true}]}}